{"id":6,"date":"2025-03-20T12:27:09","date_gmt":"2025-03-20T11:27:09","guid":{"rendered":"https:\/\/cyrus-services.fr\/?page_id=6"},"modified":"2026-02-12T11:29:19","modified_gmt":"2026-02-12T10:29:19","slug":"modernisez-votre-entreprise","status":"publish","type":"page","link":"https:\/\/cyrus-services.fr\/","title":{"rendered":"Accueil"},"content":{"rendered":"\n<div class=\"wp-block-cover alignfull\" style=\"min-height:720px;aspect-ratio:unset;\"><span aria-hidden=\"true\" class=\"wp-block-cover__background has-background-dim-100 has-background-dim has-background-gradient has-light-green-cyan-to-vivid-green-cyan-gradient-background\"><\/span><div class=\"wp-block-cover__inner-container is-layout-flow wp-block-cover-is-layout-flow\">\n<div class=\"inherit-container-width wp-block-group alignwide is-layout-constrained wp-block-group-is-layout-constrained\">\n<div class=\"wp-block-media-text alignwide has-media-on-the-right is-stacked-on-mobile is-vertically-aligned-center\" style=\"grid-template-columns:auto 26%\"><div class=\"wp-block-media-text__content\">\n<h2 class=\"wp-block-heading has-text-align-left has-white-color has-text-color\">Modernisez votre entreprise !<\/h2>\n\n\n\n<p class=\"has-white-color has-text-color\">Une expertise informatique au service de votre entreprise, pour des solutions sur mesure, fiables et performantes, adapt\u00e9es \u00e0 vos besoins sp\u00e9cifiques.<\/p>\n\n\n\n<div class=\"wp-block-buttons is-layout-flex wp-block-buttons-is-layout-flex\">\n<div class=\"wp-block-button\"><a class=\"wp-block-button__link has-ast-global-color-3-color has-ast-global-color-7-background-color has-text-color has-background has-link-color wp-element-button\" href=\"#services\">Voir les services<\/a><\/div>\n<\/div>\n<\/div><figure class=\"wp-block-media-text__media\"><img loading=\"lazy\" decoding=\"async\" width=\"481\" height=\"441\" src=\"https:\/\/cyrus-services.fr\/wp-content\/uploads\/2025\/03\/3684_24379912566969c9bb4ee9ac32c71b91-16_12_2023-21_33_35.png\" alt=\"\" class=\"wp-image-31 size-full\" srcset=\"https:\/\/cyrus-services.fr\/wp-content\/uploads\/2025\/03\/3684_24379912566969c9bb4ee9ac32c71b91-16_12_2023-21_33_35.png 481w, https:\/\/cyrus-services.fr\/wp-content\/uploads\/2025\/03\/3684_24379912566969c9bb4ee9ac32c71b91-16_12_2023-21_33_35-300x275.png 300w\" sizes=\"auto, (max-width: 481px) 100vw, 481px\" \/><\/figure><\/div>\n<\/div>\n<\/div><\/div>\n\n\n\n<div class=\"wp-block-group alignfull is-layout-constrained wp-container-core-group-is-layout-bec84ed4 wp-block-group-is-layout-constrained\" id=\"services\" style=\"margin-top:var(--wp--preset--spacing--70);margin-bottom:var(--wp--preset--spacing--70);padding-top:0px;padding-bottom:0px\">\n<h2 class=\"wp-block-heading\">Services<\/h2>\n\n\n\n<div class=\"wp-block-columns is-layout-flex wp-container-core-columns-is-layout-60cbf9bb wp-block-columns-is-layout-flex\" style=\"margin-top:50px\">\n<div class=\"wp-block-column is-layout-flow wp-container-core-column-is-layout-6b73ce23 wp-block-column-is-layout-flow\">\n<figure class=\"wp-block-image size-full\"><img loading=\"lazy\" decoding=\"async\" width=\"1493\" height=\"840\" src=\"https:\/\/cyrus-services.fr\/wp-content\/uploads\/2025\/03\/which-web-design-platform-is-right-for-you-edited.png\" alt=\"\" class=\"wp-image-26\" srcset=\"https:\/\/cyrus-services.fr\/wp-content\/uploads\/2025\/03\/which-web-design-platform-is-right-for-you-edited.png 1493w, https:\/\/cyrus-services.fr\/wp-content\/uploads\/2025\/03\/which-web-design-platform-is-right-for-you-edited-300x169.png 300w, https:\/\/cyrus-services.fr\/wp-content\/uploads\/2025\/03\/which-web-design-platform-is-right-for-you-edited-1024x576.png 1024w, https:\/\/cyrus-services.fr\/wp-content\/uploads\/2025\/03\/which-web-design-platform-is-right-for-you-edited-768x432.png 768w\" sizes=\"auto, (max-width: 1493px) 100vw, 1493px\" \/><\/figure>\n\n\n\n<h4 class=\"wp-block-heading\">Site web <\/h4>\n\n\n\n<p>Un site web unique et performant, adapt\u00e9 \u00e0 votre activit\u00e9. Je con\u00e7ois des solutions sur mesure pour mettre en valeur votre entreprise et optimiser votre pr\u00e9sence en ligne. <\/p>\n<\/div>\n\n\n\n<div class=\"wp-block-column is-layout-flow wp-container-core-column-is-layout-6b73ce23 wp-block-column-is-layout-flow\">\n<figure class=\"wp-block-image size-full\"><img loading=\"lazy\" decoding=\"async\" width=\"1080\" height=\"608\" src=\"https:\/\/cyrus-services.fr\/wp-content\/uploads\/2025\/03\/Mockup-dolibarr-3-edited.jpg\" alt=\"\" class=\"wp-image-27\" srcset=\"https:\/\/cyrus-services.fr\/wp-content\/uploads\/2025\/03\/Mockup-dolibarr-3-edited.jpg 1080w, https:\/\/cyrus-services.fr\/wp-content\/uploads\/2025\/03\/Mockup-dolibarr-3-edited-300x169.jpg 300w, https:\/\/cyrus-services.fr\/wp-content\/uploads\/2025\/03\/Mockup-dolibarr-3-edited-1024x576.jpg 1024w, https:\/\/cyrus-services.fr\/wp-content\/uploads\/2025\/03\/Mockup-dolibarr-3-edited-768x432.jpg 768w\" sizes=\"auto, (max-width: 1080px) 100vw, 1080px\" \/><\/figure>\n\n\n\n<h4 class=\"wp-block-heading\">Logiciel de gestion d&#8217;entreprise<\/h4>\n\n\n\n<p>G\u00e9rez vos clients, devis, factures et stocks en toute simplicit\u00e9. Automatisez vos t\u00e2ches et suivez vos projets en temps r\u00e9el avec une solution flexible et intuitive<\/p>\n\n\n\n<div class=\"wp-block-buttons is-content-justification-center is-layout-flex wp-container-core-buttons-is-layout-a89b3969 wp-block-buttons-is-layout-flex\">\n<div class=\"wp-block-button\"><a class=\"wp-block-button__link has-ast-global-color-4-color has-light-green-cyan-to-vivid-green-cyan-gradient-background has-text-color has-background has-link-color wp-element-button\" href=\"https:\/\/cyrus-services.fr\/crm\/\">Tester gratuitement le CRM<\/a><\/div>\n<\/div>\n<\/div>\n\n\n\n<div class=\"wp-block-column is-layout-flow wp-container-core-column-is-layout-6b73ce23 wp-block-column-is-layout-flow\">\n<figure class=\"wp-block-image size-full\"><img loading=\"lazy\" decoding=\"async\" width=\"1412\" height=\"794\" src=\"https:\/\/cyrus-services.fr\/wp-content\/uploads\/2025\/03\/UDM-PRO-SE-edited.webp\" alt=\"\" class=\"wp-image-28\" srcset=\"https:\/\/cyrus-services.fr\/wp-content\/uploads\/2025\/03\/UDM-PRO-SE-edited.webp 1412w, https:\/\/cyrus-services.fr\/wp-content\/uploads\/2025\/03\/UDM-PRO-SE-edited-300x169.webp 300w, https:\/\/cyrus-services.fr\/wp-content\/uploads\/2025\/03\/UDM-PRO-SE-edited-1024x576.webp 1024w, https:\/\/cyrus-services.fr\/wp-content\/uploads\/2025\/03\/UDM-PRO-SE-edited-768x432.webp 768w\" sizes=\"auto, (max-width: 1412px) 100vw, 1412px\" \/><\/figure>\n\n\n\n<h4 class=\"wp-block-heading\">Autres<\/h4>\n\n\n\n<p>Je propose des solutions sur mesure en <strong>cloud computing, r\u00e9seaux, serveurs, t\u00e9l\u00e9phonie, supervision, vid\u00e9osurveillance, externalisation<\/strong>, et bien d&#8217;autres domaines pour optimiser votre infrastructure. <\/p>\n<\/div>\n<\/div>\n<\/div>\n\n\n\n<div class=\"wp-block-group alignfull has-ast-global-color-4-background-color has-background is-layout-constrained wp-container-core-group-is-layout-0bdf2769 wp-block-group-is-layout-constrained\" id=\"about\" style=\"margin-top:0;margin-bottom:0;padding-top:71px;padding-bottom:0px\">\n<div class=\"wp-block-media-text has-media-on-the-right is-stacked-on-mobile is-vertically-aligned-center\" style=\"grid-template-columns:auto 37%\"><div class=\"wp-block-media-text__content\">\n<div class=\"inherit-container-width wp-block-group is-layout-constrained wp-container-core-group-is-layout-47ce07ec wp-block-group-is-layout-constrained\" style=\"padding-right:80px\">\n<h2 class=\"wp-block-heading\" style=\"padding-right:40px\">\u00c0 propos<\/h2>\n\n\n\n<p>Je suis <strong><a href=\"http:\/\/linkedin.com\/in\/cyrus-kerachian\">Cyrus Kerachian<\/a><\/strong>, <strong>Ing\u00e9nieur Syst\u00e8mes et R\u00e9seaux<\/strong>. J&#8217;accompagne les entreprises dans la conception, le d\u00e9ploiement, l\u2019optimisation et la protection de leurs infrastructures informatiques.<\/p>\n\n\n\n<p>Fort d\u2019exp\u00e9riences au sein de PME et de grands groupes tels qu\u2019<a href=\"https:\/\/www.airbus.com\/en\/products-services\/space\"><strong>Airbus<\/strong> <strong>Defence and Space<\/strong><\/a>, je propose des solutions fiables et performantes.<\/p>\n\n\n\n<p>Titulaire d\u2019un<strong> Master <\/strong>en<strong> Ing\u00e9nierie R\u00e9seaux et Syst\u00e8mes <\/strong>\u00e0 l&#8217;<strong><a href=\"https:\/\/www.shanghairanking.com\/rankings\/gras\/2024\/RS0101\">Universit\u00e9 Paris-Saclay<\/a><\/strong>, je suis \u00e9galement certifi\u00e9 en s\u00e9curit\u00e9 informatique par l\u2019<strong><a href=\"https:\/\/cyber.gouv.fr\/\">ANSSI<\/a><\/strong>, ainsi que d\u00e9tenteur des certifications CCNA par <strong>Cisco<\/strong>, CSNA par <strong>Stormshield<\/strong> et en t\u00e9l\u00e9phonie par <strong>3CX<\/strong> <a href=\"http:\/\/linkedin.com\/in\/cyrus-kerachian\">(certifications visibles sur mon profil Linkedin)<\/a>.<\/p>\n<\/div>\n\n\n\n<div style=\"height:53px\" aria-hidden=\"true\" class=\"wp-block-spacer\"><\/div>\n<\/div><figure class=\"wp-block-media-text__media\"><img loading=\"lazy\" decoding=\"async\" width=\"1024\" height=\"578\" src=\"https:\/\/cyrus-services.fr\/wp-content\/uploads\/2026\/02\/79A5A8B0-D418-4E15-972E-6A6A620E5B57-1024x578.jpeg\" alt=\"\" class=\"wp-image-188 size-full\" srcset=\"https:\/\/cyrus-services.fr\/wp-content\/uploads\/2026\/02\/79A5A8B0-D418-4E15-972E-6A6A620E5B57-1024x578.jpeg 1024w, https:\/\/cyrus-services.fr\/wp-content\/uploads\/2026\/02\/79A5A8B0-D418-4E15-972E-6A6A620E5B57-300x169.jpeg 300w, https:\/\/cyrus-services.fr\/wp-content\/uploads\/2026\/02\/79A5A8B0-D418-4E15-972E-6A6A620E5B57-768x434.jpeg 768w, https:\/\/cyrus-services.fr\/wp-content\/uploads\/2026\/02\/79A5A8B0-D418-4E15-972E-6A6A620E5B57.jpeg 1179w\" sizes=\"auto, (max-width: 1024px) 100vw, 1024px\" \/><\/figure><\/div>\n<\/div>\n\n\n\n<div class=\"wp-block-group alignfull is-layout-constrained wp-container-core-group-is-layout-4a7f9779 wp-block-group-is-layout-constrained\" id=\"whyus\" style=\"margin-top:var(--wp--preset--spacing--80);margin-bottom:var(--wp--preset--spacing--80);padding-top:0px;padding-bottom:0px\">\n<div class=\"wp-block-columns is-layout-flex wp-container-core-columns-is-layout-29aadeec wp-block-columns-is-layout-flex\" style=\"margin-top:60px\">\n<div class=\"wp-block-column is-layout-flow wp-container-core-column-is-layout-6b73ce23 wp-block-column-is-layout-flow\">\n<figure class=\"wp-block-image size-large\"><img decoding=\"async\" src=\"https:\/\/cyrus-services.fr\/wp-content\/themes\/astra\/inc\/assets\/images\/starter-content\/passionate.svg\" alt=\"\" class=\"wp-image-162\"\/><\/figure>\n\n\n\n<h3 class=\"wp-block-heading\" style=\"margin-top:16px\">Passionn\u00e9<\/h3>\n\n\n\n<p>Passionn\u00e9 par l\u2019informatique, je m\u2019investis pleinement dans chaque projet pour vous offrir des solutions sur mesure, adapt\u00e9es \u00e0 vos besoins et \u00e0 la pointe de la technologie.<\/p>\n<\/div>\n\n\n\n<div class=\"wp-block-column is-layout-flow wp-container-core-column-is-layout-6b73ce23 wp-block-column-is-layout-flow\">\n<figure class=\"wp-block-image size-large\"><img decoding=\"async\" src=\"https:\/\/cyrus-services.fr\/wp-content\/themes\/astra\/inc\/assets\/images\/starter-content\/professional.svg\" alt=\"\" class=\"wp-image-163\"\/><\/figure>\n\n\n\n<h3 class=\"wp-block-heading\" style=\"margin-top:16px\">Professionnel<\/h3>\n\n\n\n<p>Mon exp\u00e9rience et mon expertise me permettent de garantir des services de qualit\u00e9, r\u00e9alis\u00e9s dans les d\u00e9lais impartis et toujours en respectant vos exigences.<\/p>\n<\/div>\n\n\n\n<div class=\"wp-block-column is-layout-flow wp-container-core-column-is-layout-6b73ce23 wp-block-column-is-layout-flow\">\n<figure class=\"wp-block-image size-large\"><img decoding=\"async\" src=\"https:\/\/cyrus-services.fr\/wp-content\/themes\/astra\/inc\/assets\/images\/starter-content\/support.svg\" alt=\"\" class=\"wp-image-164\"\/><\/figure>\n\n\n\n<h3 class=\"wp-block-heading\" style=\"margin-top:16px\">Support<\/h3>\n\n\n\n<p>Je vous offre un support r\u00e9actif et personnalis\u00e9, pour vous accompagner au quotidien et assurer le bon fonctionnement de vos syst\u00e8mes.<\/p>\n<\/div>\n<\/div>\n<\/div>\n\n\n\n<div class=\"wp-block-group alignfull has-light-green-cyan-to-vivid-green-cyan-gradient-background has-background is-layout-constrained wp-container-core-group-is-layout-c964b8ec wp-block-group-is-layout-constrained\" id=\"contact\" style=\"padding-top:63px;padding-bottom:63px\">\n<h3 class=\"wp-block-heading has-text-align-center has-text-color\" style=\"color:#ffffff\">Envie de moderniser votre entreprise ? <\/h3>\n\n\n\n<h2 class=\"wp-block-heading has-text-align-center has-text-color\" style=\"color:#ffffff\">Contactez moi !<\/h2>\n\n\n\n<div class=\"wp-block-buttons alignwide is-horizontal is-content-justification-center is-layout-flex wp-container-core-buttons-is-layout-bba8380a wp-block-buttons-is-layout-flex\" style=\"margin-top:50px\">\n<div class=\"wp-block-button\"><a class=\"wp-block-button__link has-ast-global-color-3-color has-text-color has-link-color wp-element-button\" href=\"mailto:contact@cyrus-services.fr\">Par mail : contact@cyrus-services.fr<\/a><\/div>\n\n\n\n<div class=\"wp-block-button\"><a class=\"wp-block-button__link has-ast-global-color-3-color has-text-color has-link-color wp-element-button\" href=\"https:\/\/fr.linkedin.com\/in\/cyrus-kerachian\">Ou sur Linkedin !<\/a><\/div>\n<\/div>\n<\/div>\n","protected":false},"excerpt":{"rendered":"<p>Services Site web Un site web unique et performant, adapt\u00e9 \u00e0 votre activit\u00e9. Je con\u00e7ois des solutions sur mesure pour [&hellip;]<\/p>\n","protected":false},"author":1,"featured_media":0,"parent":0,"menu_order":0,"comment_status":"closed","ping_status":"closed","template":"","meta":{"site-sidebar-layout":"no-sidebar","site-content-layout":"plain-container","ast-site-content-layout":"","site-content-style":"default","site-sidebar-style":"default","ast-global-header-display":"","ast-banner-title-visibility":"","ast-main-header-display":"","ast-hfb-above-header-display":"","ast-hfb-below-header-display":"","ast-hfb-mobile-header-display":"","site-post-title":"disabled","ast-breadcrumbs-content":"","ast-featured-img":"","footer-sml-layout":"","theme-transparent-header-meta":"enabled","adv-header-id-meta":"","stick-header-meta":"","header-above-stick-meta":"","header-main-stick-meta":"","header-below-stick-meta":"","astra-migrate-meta-layouts":"default","ast-page-background-enabled":"default","ast-page-background-meta":{"desktop":{"background-color":"var(--ast-global-color-5)","background-image":"","background-repeat":"repeat","background-position":"center center","background-size":"auto","background-attachment":"scroll","background-type":"","background-media":"","overlay-type":"","overlay-color":"","overlay-opacity":"","overlay-gradient":""},"tablet":{"background-color":"","background-image":"","background-repeat":"repeat","background-position":"center center","background-size":"auto","background-attachment":"scroll","background-type":"","background-media":"","overlay-type":"","overlay-color":"","overlay-opacity":"","overlay-gradient":""},"mobile":{"background-color":"","background-image":"","background-repeat":"repeat","background-position":"center center","background-size":"auto","background-attachment":"scroll","background-type":"","background-media":"","overlay-type":"","overlay-color":"","overlay-opacity":"","overlay-gradient":""}},"ast-content-background-meta":{"desktop":{"background-color":"var(--ast-global-color-4)","background-image":"","background-repeat":"repeat","background-position":"center center","background-size":"auto","background-attachment":"scroll","background-type":"","background-media":"","overlay-type":"","overlay-color":"","overlay-opacity":"","overlay-gradient":""},"tablet":{"background-color":"var(--ast-global-color-4)","background-image":"","background-repeat":"repeat","background-position":"center center","background-size":"auto","background-attachment":"scroll","background-type":"","background-media":"","overlay-type":"","overlay-color":"","overlay-opacity":"","overlay-gradient":""},"mobile":{"background-color":"var(--ast-global-color-4)","background-image":"","background-repeat":"repeat","background-position":"center center","background-size":"auto","background-attachment":"scroll","background-type":"","background-media":"","overlay-type":"","overlay-color":"","overlay-opacity":"","overlay-gradient":""}},"footnotes":""},"class_list":["post-6","page","type-page","status-publish","hentry"],"_links":{"self":[{"href":"https:\/\/cyrus-services.fr\/index.php\/wp-json\/wp\/v2\/pages\/6","targetHints":{"allow":["GET"]}}],"collection":[{"href":"https:\/\/cyrus-services.fr\/index.php\/wp-json\/wp\/v2\/pages"}],"about":[{"href":"https:\/\/cyrus-services.fr\/index.php\/wp-json\/wp\/v2\/types\/page"}],"author":[{"embeddable":true,"href":"https:\/\/cyrus-services.fr\/index.php\/wp-json\/wp\/v2\/users\/1"}],"replies":[{"embeddable":true,"href":"https:\/\/cyrus-services.fr\/index.php\/wp-json\/wp\/v2\/comments?post=6"}],"version-history":[{"count":39,"href":"https:\/\/cyrus-services.fr\/index.php\/wp-json\/wp\/v2\/pages\/6\/revisions"}],"predecessor-version":[{"id":189,"href":"https:\/\/cyrus-services.fr\/index.php\/wp-json\/wp\/v2\/pages\/6\/revisions\/189"}],"wp:attachment":[{"href":"https:\/\/cyrus-services.fr\/index.php\/wp-json\/wp\/v2\/media?parent=6"}],"curies":[{"name":"wp","href":"https:\/\/api.w.org\/{rel}","templated":true}]}}